{"id":315,"date":"2011-09-02T00:52:05","date_gmt":"2011-09-02T03:52:05","guid":{"rendered":"http:\/\/cequiro.com\/?page_id=315"},"modified":"2023-05-18T13:35:08","modified_gmt":"2023-05-18T16:35:08","slug":"atendimentos-e-valores","status":"publish","type":"page","link":"https:\/\/cequiro.com\/index.php\/atendimentos-e-valores\/","title":{"rendered":"Atendimentos e Valores"},"content":{"rendered":"<p style=\"text-align: justify;\">__________________________________________________________________<\/p>\n<h3 style=\"text-align: justify;\"><a href=\"http:\/\/cequiro.com\/index.php\/miopraxis-2\/\"><strong>Miopraxis<\/strong><\/a> <strong>&#8211;<\/strong> terapia corporal da dor e recupera\u00e7\u00e3o do equil\u00edbrio estrutural e funcional. Sintetizando t\u00e9cnicas da Osteopatia e da Quiropraxia, produz al\u00edvio r\u00e1pido e duradouro da dor em todas as partes do corpo. Relaxa contraturas musculares, melhorando a circula\u00e7\u00e3o, aumentando for\u00e7a, flexibilidade, coordena\u00e7\u00e3o, resist\u00eancia e energia. Melhora postura, padr\u00f5es de sono e aprimora o desempenho no trabalho e no esporte. Estimula a participa\u00e7\u00e3o ativa do paciente atrav\u00e9s de exerc\u00edcios corretivos especiais para fixar os resultados obtidos em cada sess\u00e3o.<\/h3>\n<ul>\n<li style=\"text-align: justify;\">Primeira consulta: R$ 200,00<\/li>\n<li style=\"text-align: justify;\">Sess\u00e3o avulsa: R$ 180,00<\/li>\n<li style=\"text-align: justify;\">S\u00e9rie de 4 sess\u00f5es: R$ 600,00<\/li>\n<\/ul>\n<h3 style=\"text-align: justify;\"><strong>\u00a0<\/strong><\/h3>\n<p>__________________________________________________________________<\/p>\n<h3 style=\"text-align: justify;\"><strong>Super Massagem Anti-Stress &#8211; <\/strong>massagem vigorosa que atua principalmente nos m\u00fasculos e na circula\u00e7\u00e3o. Ideal para as ocasi\u00f5es em que os n\u00edveis de estresse f\u00edsico e emocional est\u00e3o elevados. Adaptada de t\u00e9cnicas usadas por treinadores ol\u00edmpicos, ela possui um assombroso efeito liberador de flu\u00eddos que elimina os \u00e1cidos irritantes gerados pela fadiga e o estresse ao mesmo tempo em que superoxigena os m\u00fasculos tensos. Os malestares e dores desaparecem, a fadiga se evapora deixando em seu lugar uma grande sensa\u00e7\u00e3o de bem-estar.<\/h3>\n<ul style=\"text-align: justify;\">\n<li>Sess\u00e3o: R$ 150,00<\/li>\n<\/ul>\n<p style=\"text-align: justify;\">__________________________________________________________________<\/p>\n<h3 style=\"text-align: justify;\"><strong>Massagem integrativa energ\u00e9tica &#8211;<\/strong> massagem suave e relaxante que atua principalmente no sistema nervoso.\u00a0 Traz al\u00edvio para o estresse di\u00e1rio, equilibrando e integrando corpo, mente e energias, proporcionando o despertar de Paz Interior. Fundindo movimentos suaves de massagem, indu\u00e7\u00e3o de relaxamento pelo toque e pela palavra e a adi\u00e7\u00e3o de um floral ao \u00f3leo especial, ela \u00e9 \u00fanica nos seus resultados de integra\u00e7\u00e3o mente-corpo.<\/h3>\n<ul style=\"text-align: justify;\">\n<li>Sess\u00e3o: R$ 150,00<\/li>\n<\/ul>\n<p style=\"text-align: justify;\">__________________________________________________________________<\/p>\n<h3 style=\"text-align: justify;\"><strong>Toque Qu\u00e2ntico &#8211;\u00a0 <\/strong>\u00c9 um m\u00e9todo de cura pelas m\u00e3os que emprega um leve toque sobre pontos especiais no corpo induzindo relaxamento profundo.\u00a0 Derivado do conceito de Toque Terap\u00eautico empregado por enfermeiras nos EUA a mais de duas d\u00e9cadas, da Terapia de Polaridades e da Terapia de Toques Sutis de Sandor (BRA).\u00a0 Atua nos n\u00edveis f\u00edsicos, emocionais e mentais, facilitando uma viagem interior com objetivo de um maior contato consigo mesmo, alcan\u00e7ando um estado de paz interior indescrit\u00edvel.<\/h3>\n<ul style=\"text-align: justify;\">\n<li style=\"text-align: justify;\">Sess\u00e3o: R$ 150,00<\/li>\n<\/ul>\n<p style=\"text-align: justify;\">___________________________________________________________________<\/p>\n<p style=\"text-align: justify;\"><strong>Auriculoterapia &#8211; <\/strong>tratamento da dor e da sa\u00fade geral atrav\u00e9s de pontos reflexos localizados no microsistema auricular (orelhas)<\/p>\n<ul style=\"text-align: justify;\">\n<li>Sess\u00e3o: 100,00<\/li>\n<\/ul>\n<p style=\"text-align: justify;\">___________________________________________________________________<\/p>\n<h3 style=\"text-align: justify;\"><strong>Acupuntura &#8211;<\/strong><\/h3>\n<ul style=\"text-align: justify;\">\n<li>Sess\u00e3o: R$ 125,00<\/li>\n<\/ul>\n","protected":false},"excerpt":{"rendered":"<p>__________________________________________________________________ Miopraxis &#8211; terapia corporal da dor e recupera\u00e7\u00e3o do equil\u00edbrio estrutural e funcional. Sintetizando t\u00e9cnicas da Osteopatia e da Quiropraxia, produz al\u00edvio r\u00e1pido e duradouro da dor em todas as partes do corpo. Relaxa contraturas musculares, melhorando a circula\u00e7\u00e3o, &hellip; <a href=\"https:\/\/cequiro.com\/index.php\/atendimentos-e-valores\/\">Continue lendo <span class=\"meta-nav\">&rarr;<\/span><\/a><\/p>\n","protected":false},"author":1,"featured_media":0,"parent":0,"menu_order":0,"comment_status":"closed","ping_status":"closed","template":"","meta":{"jetpack_post_was_ever_published":false,"footnotes":""},"class_list":["post-315","page","type-page","status-publish","hentry"],"jetpack_shortlink":"https:\/\/wp.me\/P1FRuA-55","jetpack_sharing_enabled":true,"jetpack-related-posts":[],"_links":{"self":[{"href":"https:\/\/cequiro.com\/index.php\/wp-json\/wp\/v2\/pages\/315"}],"collection":[{"href":"https:\/\/cequiro.com\/index.php\/wp-json\/wp\/v2\/pages"}],"about":[{"href":"https:\/\/cequiro.com\/index.php\/wp-json\/wp\/v2\/types\/page"}],"author":[{"embeddable":true,"href":"https:\/\/cequiro.com\/index.php\/wp-json\/wp\/v2\/users\/1"}],"replies":[{"embeddable":true,"href":"https:\/\/cequiro.com\/index.php\/wp-json\/wp\/v2\/comments?post=315"}],"version-history":[{"count":0,"href":"https:\/\/cequiro.com\/index.php\/wp-json\/wp\/v2\/pages\/315\/revisions"}],"wp:attachment":[{"href":"https:\/\/cequiro.com\/index.php\/wp-json\/wp\/v2\/media?parent=315"}],"curies":[{"name":"wp","href":"https:\/\/api.w.org\/{rel}","templated":true}]}}