{"id":2,"date":"2011-06-29T19:46:14","date_gmt":"2011-06-29T22:46:14","guid":{"rendered":"http:\/\/cequiro.com\/?page_id=2"},"modified":"2023-05-18T13:35:07","modified_gmt":"2023-05-18T16:35:07","slug":"sample-page","status":"publish","type":"page","link":"https:\/\/cequiro.com\/","title":{"rendered":"N\u00e3o sofra  mais"},"content":{"rendered":"<h1 style=\"text-align: center;\"><a href=\"http:\/\/cequiro.com\/index.php\/sample-page\/images-2\/\" rel=\"attachment wp-att-30\"><img data-recalc-dims=\"1\" loading=\"lazy\" decoding=\"async\" data-attachment-id=\"30\" data-permalink=\"https:\/\/cequiro.com\/index.php\/sample-page\/images-2\/\" data-orig-file=\"https:\/\/i0.wp.com\/cequiro.com\/wp-content\/uploads\/2011\/06\/images1.jpeg?fit=199%2C253&amp;ssl=1\" data-orig-size=\"199,253\" data-comments-opened=\"1\" data-image-meta=\"{&quot;aperture&quot;:&quot;0&quot;,&quot;credit&quot;:&quot;&quot;,&quot;camera&quot;:&quot;&quot;,&quot;caption&quot;:&quot;&quot;,&quot;created_timestamp&quot;:&quot;0&quot;,&quot;copyright&quot;:&quot;&quot;,&quot;focal_length&quot;:&quot;0&quot;,&quot;iso&quot;:&quot;0&quot;,&quot;shutter_speed&quot;:&quot;0&quot;,&quot;title&quot;:&quot;&quot;}\" data-image-title=\"images\" data-image-description=\"\" data-image-caption=\"\" data-medium-file=\"https:\/\/i0.wp.com\/cequiro.com\/wp-content\/uploads\/2011\/06\/images1.jpeg?fit=199%2C253&amp;ssl=1\" data-large-file=\"https:\/\/i0.wp.com\/cequiro.com\/wp-content\/uploads\/2011\/06\/images1.jpeg?fit=199%2C253&amp;ssl=1\" class=\"size-full wp-image-30 alignleft\" title=\"images\" src=\"https:\/\/i0.wp.com\/cequiro.com\/wp-content\/uploads\/2011\/06\/images1.jpeg?resize=199%2C253\" alt=\"\" width=\"199\" height=\"253\" \/><\/a><em><strong><em><strong>A dor faz parte da vida, mas sofrer \u00e9 uma quest\u00e3o de escolha. <\/strong><\/em><br \/>\n<\/strong><\/em><\/h1>\n<p style=\"text-align: center;\">Voc\u00ea n\u00e3o precisa sofrer mais.<\/p>\n<p style=\"text-align: center;\">Conhe\u00e7a <a title=\"O que \u00e9?\" href=\"http:\/\/cequiro.com\/index.php\/miopraxis-2\/\"><strong>MIOPRAXIS<\/strong><\/a>, a\u00a0 solu\u00e7\u00e3o mais r\u00e1pida para a maioria das dores.<\/p>\n<h3 style=\"text-align: justify;\"><strong>Miopraxis<\/strong> ou m\u00e9todo Witte de Terapia Neuromuscular \u00e9 um tratamento altamente eficaz no combate da dor e na recupera\u00e7\u00e3o do equil\u00edbrio estrutural e funcional do corpo.<\/h3>\n<h3 style=\"text-align: justify;\">\u00c9 um sistema de t\u00e9cnicas terap\u00eauticas manuais\u00a0 especializado, n\u00e3o medicamentoso, n\u00e3o-invasivo especialmente concebido para o al\u00edvio da dor muscular e proporciona uma recupera\u00e7\u00e3o r\u00e1pida e segura.<\/h3>\n<h3 style=\"text-align: center;\">Se voc\u00ea quer saber mais sobre terapias manuais, seja para tratar suas dores ou aprender a utiliz\u00e1-las, este \u00e9 o lugar certo.<\/h3>\n","protected":false},"excerpt":{"rendered":"<p>A dor faz parte da vida, mas sofrer \u00e9 uma quest\u00e3o de escolha. Voc\u00ea n\u00e3o precisa sofrer mais. Conhe\u00e7a MIOPRAXIS, a\u00a0 solu\u00e7\u00e3o mais r\u00e1pida para a maioria das dores. Miopraxis ou m\u00e9todo Witte de Terapia Neuromuscular \u00e9 um tratamento altamente &hellip; <a href=\"https:\/\/cequiro.com\/\">Continue lendo <span class=\"meta-nav\">&rarr;<\/span><\/a><\/p>\n","protected":false},"author":1,"featured_media":0,"parent":0,"menu_order":0,"comment_status":"closed","ping_status":"closed","template":"","meta":{"jetpack_post_was_ever_published":false,"footnotes":""},"class_list":["post-2","page","type-page","status-publish","hentry"],"jetpack_shortlink":"https:\/\/wp.me\/P1FRuA-2","jetpack_sharing_enabled":true,"jetpack-related-posts":[],"_links":{"self":[{"href":"https:\/\/cequiro.com\/index.php\/wp-json\/wp\/v2\/pages\/2"}],"collection":[{"href":"https:\/\/cequiro.com\/index.php\/wp-json\/wp\/v2\/pages"}],"about":[{"href":"https:\/\/cequiro.com\/index.php\/wp-json\/wp\/v2\/types\/page"}],"author":[{"embeddable":true,"href":"https:\/\/cequiro.com\/index.php\/wp-json\/wp\/v2\/users\/1"}],"replies":[{"embeddable":true,"href":"https:\/\/cequiro.com\/index.php\/wp-json\/wp\/v2\/comments?post=2"}],"version-history":[{"count":0,"href":"https:\/\/cequiro.com\/index.php\/wp-json\/wp\/v2\/pages\/2\/revisions"}],"wp:attachment":[{"href":"https:\/\/cequiro.com\/index.php\/wp-json\/wp\/v2\/media?parent=2"}],"curies":[{"name":"wp","href":"https:\/\/api.w.org\/{rel}","templated":true}]}}