{"id":188,"date":"2011-08-18T16:24:37","date_gmt":"2011-08-18T19:24:37","guid":{"rendered":"http:\/\/cequiro.com\/?page_id=188"},"modified":"2023-05-18T13:35:07","modified_gmt":"2023-05-18T16:35:07","slug":"miopraxis-2","status":"publish","type":"page","link":"https:\/\/cequiro.com\/index.php\/miopraxis-2\/","title":{"rendered":"Miopraxis"},"content":{"rendered":"<h2 style=\"text-align: justify;\"><strong>Perguntas e respostas:<\/strong><\/h2>\n<ol>\n<li style=\"text-align: justify;\">O que \u00e9 Miopraxis?<\/li>\n<li style=\"text-align: justify;\">Como \u00e8 a Miopraxis?<\/li>\n<li style=\"text-align: justify;\">Qual o tempo de dura\u00e7\u00e3o de uma sess\u00e3o de Miopraxis?<\/li>\n<li style=\"text-align: justify;\">Com que freq\u00fc\u00eancia s\u00e3o realizadas as sess\u00f5es?<\/li>\n<li style=\"text-align: justify;\">A Miopraxis \u00e9 dolorosa?<\/li>\n<li style=\"text-align: justify;\">O que a Miopraxis pode tratar?<\/li>\n<li style=\"text-align: justify;\">Como a Miopraxis foi desenvolvida?<\/li>\n<li style=\"text-align: justify;\">Quantos tratamentos s\u00e3o necess\u00e1rios?<\/li>\n<li style=\"text-align: justify;\">Quem \u00e9 Cl\u00e1udio Witte?<\/li>\n<li style=\"text-align: justify;\">Que outras formas de tratamento s\u00e3o utilizadas?<\/li>\n<\/ol>\n<p><a href=\"http:\/\/cequiro.com\/index.php\/miopraxis-2\/quirop_009\/\" rel=\"attachment wp-att-123\"><img data-recalc-dims=\"1\" loading=\"lazy\" decoding=\"async\" data-attachment-id=\"123\" data-permalink=\"https:\/\/cequiro.com\/index.php\/miopraxis-2\/quirop_009\/\" data-orig-file=\"https:\/\/i0.wp.com\/cequiro.com\/wp-content\/uploads\/2011\/08\/quirop_009.jpg?fit=502%2C550&amp;ssl=1\" data-orig-size=\"502,550\" data-comments-opened=\"1\" data-image-meta=\"{&quot;aperture&quot;:&quot;0&quot;,&quot;credit&quot;:&quot;&quot;,&quot;camera&quot;:&quot;&quot;,&quot;caption&quot;:&quot;&quot;,&quot;created_timestamp&quot;:&quot;0&quot;,&quot;copyright&quot;:&quot;&quot;,&quot;focal_length&quot;:&quot;0&quot;,&quot;iso&quot;:&quot;0&quot;,&quot;shutter_speed&quot;:&quot;0&quot;,&quot;title&quot;:&quot;&quot;}\" data-image-title=\"quirop_009\" data-image-description=\"\" data-image-caption=\"\" data-medium-file=\"https:\/\/i0.wp.com\/cequiro.com\/wp-content\/uploads\/2011\/08\/quirop_009.jpg?fit=273%2C300&amp;ssl=1\" data-large-file=\"https:\/\/i0.wp.com\/cequiro.com\/wp-content\/uploads\/2011\/08\/quirop_009.jpg?fit=502%2C550&amp;ssl=1\" class=\"alignnone size-medium wp-image-123\" title=\"quirop_009\" src=\"https:\/\/i0.wp.com\/cequiro.com\/wp-content\/uploads\/2011\/08\/quirop_009-273x300.jpg?resize=273%2C300\" alt=\"\" width=\"273\" height=\"300\" srcset=\"https:\/\/i0.wp.com\/cequiro.com\/wp-content\/uploads\/2011\/08\/quirop_009.jpg?resize=273%2C300&amp;ssl=1 273w, https:\/\/i0.wp.com\/cequiro.com\/wp-content\/uploads\/2011\/08\/quirop_009.jpg?w=502&amp;ssl=1 502w\" sizes=\"(max-width: 273px) 100vw, 273px\" \/><\/a><\/p>\n<h3 style=\"text-align: justify;\">1.\u00a0\u00a0<strong> O que \u00e9 Miopraxis?<\/strong><\/h3>\n<h3 style=\"text-align: justify;\">Miopraxis ou m\u00e9todo Witte de Terapia Neuromuscular \u00e9 um tratamento altamente eficaz no combate da dor e na recupera\u00e7\u00e3o do equil\u00edbrio estrutural e funcional do corpo. \u00c9 um sistema de t\u00e9cnicas terap\u00eauticas manuais (quiroterapia) muito especializado.<\/h3>\n<h3 style=\"text-align: justify;\">Para alcan\u00e7ar estes objetivos a Miopraxis atua em duas frentes, eliminando as disfun\u00e7\u00f5es musculares geradoras de dor (pontos-gatilho) e corrigindo as distor\u00e7\u00f5es nos v\u00e1rios planos corporais.<\/h3>\n<h3 style=\"text-align: justify;\">Ela aborda basicamente cinco elementos causadores de dor:<\/h3>\n<h3 style=\"text-align: justify;\"><strong>Isquemia:<\/strong> falta de suprimento sang\u00fc\u00edneo para os tecidos envolvidos, o que causa hipersensibilidade e dist\u00farbios de metabolismo.<\/h3>\n<h3 style=\"text-align: justify;\"><strong>Pontos-gatilho miofasciais:<\/strong> pontos altamente irritados nos m\u00fasculos que criam espasmos, contraturas e dores que podem se manifestar em regi\u00f5es do corpo mais distantes de sua localiza\u00e7\u00e3o.<\/h3>\n<h3 style=\"text-align: justify;\"><strong>Compress\u00e3o de nervos ou pin\u00e7amentos:<\/strong> press\u00e3o sobre um nervo exercida por m\u00fasculos, ossos ou cartilagens.<\/h3>\n<h3 style=\"text-align: justify;\"><strong>Distor\u00e7\u00e3o postural:<\/strong> desequil\u00edbrio da estrutura e desalinhamentos que podem resultar em sobrecargas musculares.<\/h3>\n<h3 style=\"text-align: justify;\"><strong>Disfun\u00e7\u00e3o mec\u00e2nica:<\/strong> desequil\u00edbrio do sistema musculoesquel\u00e9tico resultando em padr\u00f5es de movimento incorreto.<\/h3>\n<h3 style=\"text-align: justify;\">Suas t\u00e9cnicas s\u00e3o sustentadas por leis neurol\u00f3gicas cient\u00edficas que explicam como o sistema nervoso central desencadeia as respostas de dor no corpo. Entendendo como a dor \u00e9 originada e sendo capaz de localizar a fonte da dor, a Miopraxis trata a causa da dor (disfun\u00e7\u00e3o musculoesquel\u00e9tica) e n\u00e3o apenas os efeitos.<\/h3>\n<h3 style=\"text-align: justify;\">A Miopraxis coloca grande \u00eanfase no papel que a coluna vertebral (nosso eixo) tem no bem-estar e na manuten\u00e7\u00e3o da sa\u00fade de todo o corpo. Por isso uma fase importante do trabalho \u00e9 centrada na detec\u00e7\u00e3o e corre\u00e7\u00e3o da pelve, dos bloqueios vertebrais, na diferen\u00e7a do comprimento das pernas e nos desvios posturais.<\/h3>\n<ol style=\"text-align: justify;\" start=\"2\">\n<li style=\"text-align: justify;\">\n<h3><strong>Como \u00e9 a Miopraxis?<\/strong><\/h3>\n<\/li>\n<\/ol>\n<h3 style=\"text-align: justify;\">Sua primeira sess\u00e3o come\u00e7ar\u00e1 com uma discuss\u00e3o sobre suas queixas, seguida de uma an\u00e1lise de sua postura, biodin\u00e2mica e outras causas para os padr\u00f5es de dor. Baseado nos resultados da consulta inicial ser\u00e1 elaborada uma sess\u00e3o para sua necessidades individuais. Depois de examinar os resultados da sua avalia\u00e7\u00e3o postural, escolheremos as \u00e1reas nas quais trabalhar. Se voc\u00ea trouxer uma queixa espec\u00edfica, esta poder\u00e1 ser a \u00e1rea que enfocaremos.<\/h3>\n<ol style=\"text-align: justify;\" start=\"3\">\n<li>\n<h3><strong>Qual o tempo de dura\u00e7\u00e3o de uma sess\u00e3o de Miopraxis?<\/strong><\/h3>\n<\/li>\n<\/ol>\n<h3 style=\"text-align: justify;\">Enquanto a primeira sess\u00e3o requer um tempo maior para o levantamento de informa\u00e7\u00f5es, avalia\u00e7\u00e3o preliminar e o hist\u00f3rico do problema a ser tratado, uma sess\u00e3o t\u00edpica de Miopraxis dura de 30 a 45 minutos.<\/h3>\n<ol style=\"text-align: justify;\" start=\"4\">\n<li>\n<h3><strong>Com que freq\u00fc\u00eancia s\u00e3o realizadas as sess\u00f5es?<\/strong><\/h3>\n<\/li>\n<\/ol>\n<h3 style=\"text-align: justify;\">Normalmente a freq\u00fc\u00eancia de tratamento \u00e9 de uma a duas sess\u00f5es por semana. Este intervalo permite ao corpo reagir ao tratamento e tamb\u00e9m que as mudan\u00e7as possam ser melhor percebidas. Condi\u00e7\u00f5es mais severas podem ser tratadas com uma freq\u00fc\u00eancia maior, mas sempre deixando um intervalo de no m\u00ednimo dois dias entre as sess\u00f5es para que o corpo possa descansar e reagir adequadamente ao tratamento.<\/h3>\n<ol style=\"text-align: justify;\" start=\"5\">\n<li>\n<h3><strong>A Miopraxis \u00e9 dolorosa?<\/strong><\/h3>\n<\/li>\n<\/ol>\n<h3 style=\"text-align: justify;\">No tratamento o terapeuta vai avaliar os tecidos para determinar se existe isquemia, pontos-gatilho ou compress\u00e3o de nervos. A elimina\u00e7\u00e3o de contraturas musculares \u00e9 realizada por press\u00e3o direta nos m\u00fasculos sobre um ponto sens\u00edvel (ponto-gatilho) e por isso pode provocar um leve desconforto e certa quantidade de dor, mas sempre dentro do suport\u00e1vel. A press\u00e3o apropriada a ser usada durante o tratamento varia de caso a caso, dependendo da idade, condi\u00e7\u00e3o f\u00edsica, padr\u00e3o postural, extens\u00e3o do traumatismo e sensibilidade do cliente que est\u00e1 sendo tratado. A dura\u00e7\u00e3o de cada press\u00e3o \u00e9 de apenas 8-12 segundos.<\/h3>\n<h3 style=\"text-align: justify;\">As t\u00e9cnicas de ajuste e corre\u00e7\u00e3o articular s\u00e3o indolores.<\/h3>\n<ol style=\"text-align: justify;\" start=\"6\">\n<li>\n<h3><strong>O que a Miopraxis pode tratar?<\/strong><\/h3>\n<\/li>\n<\/ol>\n<h3 style=\"text-align: justify;\">A Miopraxis \u00e9 um tratamento muito eficaz para eliminar os mais variados tipos de dor. Sua efic\u00e1cia chega a 95%, basta apenas que a origem da dor seja musculoesquel\u00e9tica. De fato, as pesquisas sobre dor demonstram que esta \u00e9 mesmo a origem da maioria das dores sofridas pelo ser humano. A lista \u00e9, portanto bastante extensa. Para citar apenas algumas: lombalgias, ci\u00e1ticas, torcicolos, dores de cabe\u00e7a, tendinites, bursites, etc.<\/h3>\n<ol style=\"text-align: justify;\" start=\"7\">\n<li>\n<h3><strong>Como a Miopraxis foi desenvolvida?<\/strong><\/h3>\n<\/li>\n<\/ol>\n<h3 style=\"text-align: justify;\">Cl\u00e1udio Witte desenvolveu a Miopraxis ou m\u00e9todo Witte de Terapia Neuromuscular a partir da fus\u00e3o da massagem japonesa Anma, da <a href=\"http:\/\/cequiro.com\/index.php\/category\/quiropratica\/\">Quiropraxia<\/a> e de t\u00e9cnicas neuromusculares usadas por osteopatas e m\u00e9dicos especializados no tratamento da dor. \u00c9 fruto de mais de 25 anos de estudo, pesquisa e pr\u00e1tica de v\u00e1rias modalidades de quiroterapia, buscando encontrar as mais eficazes e r\u00e1pidas no tratamento da dores e disfun\u00e7\u00f5es do corpo humano. Estas qualidades foram encontradas nas t\u00e9cnicas denominadas neuromusculares, na Quiropraxia e na massagem japonesa Anma. As t\u00e9cnicas neuromusculares tratam eficazmente o tipo mais freq\u00fcente de dor: a s\u00edndrome dolorosa miofascial (SDM). A Quiropraxia ou Quiropr\u00e1tica \u00e9 especializada no ajuste das articula\u00e7\u00f5es, especialmente as da coluna. A massagem Anma \u00e9 muito eficaz na ativa\u00e7\u00e3o da circula\u00e7\u00e3o e no relaxamento dos m\u00fasculos.<\/h3>\n<ol style=\"text-align: justify;\" start=\"8\">\n<li>\n<h3><strong>Quantos tratamentos s\u00e3o necess\u00e1rios?<\/strong><\/h3>\n<\/li>\n<\/ol>\n<h3 style=\"text-align: justify;\">Esta quest\u00e3o varia com cada indiv\u00edduo dependendo da severidade da sua condi\u00e7\u00e3o, idade, condi\u00e7\u00e3o f\u00edsica. Alguns casos de dor podem ser resolvidos com apenas uma sess\u00e3o enquanto que outros precisam de mais de 10 sess\u00f5es. Geralmente ap\u00f3s umas 4 sess\u00f5es o cliente sente grande melhora na dor e no padr\u00e3o de movimento. Depois que o problema \u00e9 eliminado, o paciente deve receber um tratamento de tempos em tempos para manter sua sa\u00fade e ajudar a prevenir a ocorr\u00eancia de futuros desequil\u00edbrios.<\/h3>\n<ol style=\"text-align: justify;\" start=\"9\">\n<li>\n<h3><strong>Quem \u00e9 Cl\u00e1udio Witte?<\/strong><\/h3>\n<\/li>\n<\/ol>\n<h3 style=\"text-align: justify;\">Cl\u00e1udio Witte \u00e9 t\u00e9cnico em reabilita\u00e7\u00e3o f\u00edsica com especializa\u00e7\u00e3o em massagem, formado ela Escola Oriental de Massagem e Acupuntura, turma de 82. Estudou Quiropraxia com instrutores de v\u00e1rias escolas como a americana, francesa e japonesa; acupuntura e auriculoterapia chinesa e francesa pelo CEATA (1984). \u00c9 instrutor de t\u00e9cnicas de massagem ocidental e oriental. Consultor editorial e Diretor do Centro de Quiroterapias.<\/h3>\n<ol style=\"text-align: justify;\" start=\"10\">\n<li>\n<h3><strong>Que outras formas de tratamento s\u00e3o utilizadas?<\/strong><\/h3>\n<\/li>\n<\/ol>\n<h3 style=\"text-align: justify;\">Nos casos onde existe total restri\u00e7\u00e3o de movimento e um processo doloroso muito intenso, outras t\u00e9cnicas de controle da dor s\u00e3o utilizadas em conjunto com a Miopraxis. A auriculoterapia \u00e9 usada com freq\u00fc\u00eancia para diminuir a irritabilidade e a sensibilidade e controlar o processo inflamat\u00f3rio.<\/h3>\n","protected":false},"excerpt":{"rendered":"<p>Perguntas e respostas: O que \u00e9 Miopraxis? Como \u00e8 a Miopraxis? Qual o tempo de dura\u00e7\u00e3o de uma sess\u00e3o de Miopraxis? Com que freq\u00fc\u00eancia s\u00e3o realizadas as sess\u00f5es? A Miopraxis \u00e9 dolorosa? O que a Miopraxis pode tratar? Como a &hellip; <a href=\"https:\/\/cequiro.com\/index.php\/miopraxis-2\/\">Continue lendo <span class=\"meta-nav\">&rarr;<\/span><\/a><\/p>\n","protected":false},"author":1,"featured_media":0,"parent":0,"menu_order":0,"comment_status":"closed","ping_status":"closed","template":"","meta":{"jetpack_post_was_ever_published":false,"footnotes":""},"class_list":["post-188","page","type-page","status-publish","hentry"],"jetpack_shortlink":"https:\/\/wp.me\/P1FRuA-32","jetpack_sharing_enabled":true,"jetpack-related-posts":[],"_links":{"self":[{"href":"https:\/\/cequiro.com\/index.php\/wp-json\/wp\/v2\/pages\/188"}],"collection":[{"href":"https:\/\/cequiro.com\/index.php\/wp-json\/wp\/v2\/pages"}],"about":[{"href":"https:\/\/cequiro.com\/index.php\/wp-json\/wp\/v2\/types\/page"}],"author":[{"embeddable":true,"href":"https:\/\/cequiro.com\/index.php\/wp-json\/wp\/v2\/users\/1"}],"replies":[{"embeddable":true,"href":"https:\/\/cequiro.com\/index.php\/wp-json\/wp\/v2\/comments?post=188"}],"version-history":[{"count":0,"href":"https:\/\/cequiro.com\/index.php\/wp-json\/wp\/v2\/pages\/188\/revisions"}],"wp:attachment":[{"href":"https:\/\/cequiro.com\/index.php\/wp-json\/wp\/v2\/media?parent=188"}],"curies":[{"name":"wp","href":"https:\/\/api.w.org\/{rel}","templated":true}]}}