{"id":162,"date":"2011-08-15T13:42:34","date_gmt":"2011-08-15T16:42:34","guid":{"rendered":"http:\/\/cequiro.com\/?page_id=162"},"modified":"2023-05-18T13:35:07","modified_gmt":"2023-05-18T16:35:07","slug":"equipe","status":"publish","type":"page","link":"https:\/\/cequiro.com\/index.php\/equipe\/","title":{"rendered":"Equipe"},"content":{"rendered":"<h3 style=\"text-align: justify;\"><strong><a href=\"http:\/\/cequiro.com\/index.php\/equipe\/claudio2\/\" rel=\"attachment wp-att-290\"><img loading=\"lazy\" decoding=\"async\" data-attachment-id=\"290\" data-permalink=\"https:\/\/cequiro.com\/index.php\/equipe\/claudio2\/\" data-orig-file=\"https:\/\/cequiro.com\/wp-content\/uploads\/2011\/08\/cl\u00e1udio2.bmp\" data-orig-size=\"\" data-comments-opened=\"1\" data-image-meta=\"[]\" data-image-title=\"cl\u00e1udio2\" data-image-description=\"\" data-image-caption=\"\" data-medium-file=\"https:\/\/cequiro.com\/wp-content\/uploads\/2011\/08\/cl\u00e1udio2.bmp\" data-large-file=\"https:\/\/cequiro.com\/wp-content\/uploads\/2011\/08\/cl\u00e1udio2.bmp\" class=\"alignleft size-full wp-image-290\" title=\"cl\u00e1udio2\" src=\"\/\/cequiro.com\/wp-content\/uploads\/2011\/08\/cl%C3%A1udio2.bmp\" alt=\"\" width=\"101\" height=\"153\" \/><\/a>Cl\u00e1udio Witte<\/strong> \u00e9 t\u00e9cnico em reabilita\u00e7\u00e3o f\u00edsica com especializa\u00e7\u00e3o em massagem, formado pela Escola Oriental de Massagem e Acupuntura, turma de 82. Estudou Quiropraxia com instrutores de v\u00e1rias escolas como a americana, francesa e japonesa; acupuntura e auriculoterapia chinesa e francesa pelo CEATA (1984). \u00c9 Instrutor de t\u00e9cnicas de massagem ocidental e oriental. Consultor editorial e Diretor do Centro de Quiroterapias e organizador do m\u00e9todo Miopraxis.<\/h3>\n<p>&nbsp;<\/p>\n<h3 style=\"text-align: justify;\"><strong><a href=\"http:\/\/cequiro.com\/index.php\/equipe\/karin\/\" rel=\"attachment wp-att-293\"><img data-recalc-dims=\"1\" loading=\"lazy\" decoding=\"async\" data-attachment-id=\"293\" data-permalink=\"https:\/\/cequiro.com\/index.php\/equipe\/karin\/\" data-orig-file=\"https:\/\/i0.wp.com\/cequiro.com\/wp-content\/uploads\/2011\/08\/Karin.jpg?fit=536%2C800&amp;ssl=1\" data-orig-size=\"536,800\" data-comments-opened=\"1\" data-image-meta=\"{&quot;aperture&quot;:&quot;0&quot;,&quot;credit&quot;:&quot;&quot;,&quot;camera&quot;:&quot;&quot;,&quot;caption&quot;:&quot;&quot;,&quot;created_timestamp&quot;:&quot;0&quot;,&quot;copyright&quot;:&quot;&quot;,&quot;focal_length&quot;:&quot;0&quot;,&quot;iso&quot;:&quot;0&quot;,&quot;shutter_speed&quot;:&quot;0&quot;,&quot;title&quot;:&quot;&quot;}\" data-image-title=\"Karin\" data-image-description=\"\" data-image-caption=\"\" data-medium-file=\"https:\/\/i0.wp.com\/cequiro.com\/wp-content\/uploads\/2011\/08\/Karin.jpg?fit=201%2C300&amp;ssl=1\" data-large-file=\"https:\/\/i0.wp.com\/cequiro.com\/wp-content\/uploads\/2011\/08\/Karin.jpg?fit=536%2C800&amp;ssl=1\" class=\"alignleft size-medium wp-image-293\" title=\"Karin\" src=\"https:\/\/i0.wp.com\/cequiro.com\/wp-content\/uploads\/2011\/08\/Karin-201x300.jpg?resize=92%2C137\" alt=\"\" width=\"92\" height=\"137\" srcset=\"https:\/\/i0.wp.com\/cequiro.com\/wp-content\/uploads\/2011\/08\/Karin.jpg?resize=201%2C300&amp;ssl=1 201w, https:\/\/i0.wp.com\/cequiro.com\/wp-content\/uploads\/2011\/08\/Karin.jpg?w=536&amp;ssl=1 536w\" sizes=\"(max-width: 92px) 100vw, 92px\" \/><\/a>Karin Witte<\/strong> \u00e9 terapeuta Corporal no m\u00e9todo Self-Healing de Meir Schneider, Massagem Ayurv\u00e9dica Tradicional &#8211; M\u00e9dodos Kusum Modak e\u00a0Abhyanga ,\u00a0 Drenagem Linf\u00e1tica Manual, Professora de Hatha Yoga, Ministrante de cursos e workshops de Auto-Cura e Yoga para a Vis\u00e3o.<\/h3>\n<h3 style=\"text-align: justify;\"><\/h3>\n","protected":false},"excerpt":{"rendered":"<p>Cl\u00e1udio Witte \u00e9 t\u00e9cnico em reabilita\u00e7\u00e3o f\u00edsica com especializa\u00e7\u00e3o em massagem, formado pela Escola Oriental de Massagem e Acupuntura, turma de 82. Estudou Quiropraxia com instrutores de v\u00e1rias escolas como a americana, francesa e japonesa; acupuntura e auriculoterapia chinesa e &hellip; <a href=\"https:\/\/cequiro.com\/index.php\/equipe\/\">Continue lendo <span class=\"meta-nav\">&rarr;<\/span><\/a><\/p>\n","protected":false},"author":1,"featured_media":0,"parent":0,"menu_order":0,"comment_status":"closed","ping_status":"closed","template":"","meta":{"jetpack_post_was_ever_published":false,"footnotes":""},"class_list":["post-162","page","type-page","status-publish","hentry"],"jetpack_shortlink":"https:\/\/wp.me\/P1FRuA-2C","jetpack_sharing_enabled":true,"jetpack-related-posts":[],"_links":{"self":[{"href":"https:\/\/cequiro.com\/index.php\/wp-json\/wp\/v2\/pages\/162"}],"collection":[{"href":"https:\/\/cequiro.com\/index.php\/wp-json\/wp\/v2\/pages"}],"about":[{"href":"https:\/\/cequiro.com\/index.php\/wp-json\/wp\/v2\/types\/page"}],"author":[{"embeddable":true,"href":"https:\/\/cequiro.com\/index.php\/wp-json\/wp\/v2\/users\/1"}],"replies":[{"embeddable":true,"href":"https:\/\/cequiro.com\/index.php\/wp-json\/wp\/v2\/comments?post=162"}],"version-history":[{"count":0,"href":"https:\/\/cequiro.com\/index.php\/wp-json\/wp\/v2\/pages\/162\/revisions"}],"wp:attachment":[{"href":"https:\/\/cequiro.com\/index.php\/wp-json\/wp\/v2\/media?parent=162"}],"curies":[{"name":"wp","href":"https:\/\/api.w.org\/{rel}","templated":true}]}}